{"id":33,"date":"2021-08-07T20:33:21","date_gmt":"2021-08-07T20:33:21","guid":{"rendered":"https:\/\/vigoshiprepair.com\/?page_id=33"},"modified":"2024-02-26T13:34:25","modified_gmt":"2024-02-26T12:34:25","slug":"quienes-somos","status":"publish","type":"page","link":"https:\/\/vigoshiprepair.com\/index.php\/quienes-somos\/","title":{"rendered":"Qui\u00e9nes Somos"},"content":{"rendered":"<p>[et_pb_section fb_built=\u00bb1&#8243; admin_label=\u00bbHeader\u00bb _builder_version=\u00bb4.16&#8243; background_image=\u00bbhttp:\/\/vigoshiprepair.com\/wp-content\/uploads\/2021\/11\/5-Ingenieria-y-Oficina.jpg\u00bb custom_margin=\u00bb|||\u00bb custom_padding=\u00bb12vw|0px|37px|0px|false|false\u00bb box_shadow_style=\u00bbpreset3&#8243; locked=\u00bboff\u00bb global_colors_info=\u00bb{}\u00bb][et_pb_row column_structure=\u00bb1_2,1_2&#8243; padding_top_bottom_link_1=\u00bbfalse\u00bb padding_left_right_link_1=\u00bbtrue\u00bb _builder_version=\u00bb4.16&#8243; background_size=\u00bbinitial\u00bb background_position=\u00bbtop_left\u00bb background_repeat=\u00bbrepeat\u00bb max_width=\u00bb1160px\u00bb custom_margin=\u00bb|||||false\u00bb custom_padding=\u00bb27px|0px|0|0px|false|false\u00bb use_custom_width=\u00bbon\u00bb custom_width_px=\u00bb1160px\u00bb locked=\u00bboff\u00bb global_colors_info=\u00bb{}\u00bb][et_pb_column type=\u00bb1_2&#8243; _builder_version=\u00bb4.16&#8243; background_color=\u00bbrgba(255,255,255,0.7)\u00bb custom_padding=\u00bb40px|40px|0px|40px\u00bb global_colors_info=\u00bb{}\u00bb custom_padding__hover=\u00bb|||\u00bb][et_pb_text _builder_version=\u00bb4.16&#8243; text_font=\u00bb||||||||\u00bb ul_font=\u00bb||||||||\u00bb ol_font=\u00bb||||||||\u00bb header_text_color=\u00bb#009EE0&#8243; header_font_size=\u00bb48px\u00bb header_line_height=\u00bb1.5em\u00bb header_2_font=\u00bb||||||||\u00bb header_3_font=\u00bbQuicksand|600|||||||\u00bb header_3_text_color=\u00bb#098cf2&#8243; header_3_font_size=\u00bb20px\u00bb header_4_font=\u00bb||||||||\u00bb header_5_font=\u00bb||||||||\u00bb header_6_font=\u00bb||||||||\u00bb header_font_size_tablet=\u00bb38px\u00bb header_font_size_phone=\u00bb28px\u00bb header_font_size_last_edited=\u00bbon|phone\u00bb locked=\u00bboff\u00bb global_colors_info=\u00bb{}\u00bb]<\/p>\n<h3><span style=\"color: #f33746;\">Vigo <span style=\"color: #009ee0;\">Ship<\/span> <span style=\"color: #b6533e;\">Repair<\/span><\/span><\/h3>\n<h1>Qui\u00e9nes Somos<\/h1>\n<p>[\/et_pb_text][\/et_pb_column][et_pb_column type=\u00bb1_2&#8243; _builder_version=\u00bb4.16&#8243; custom_padding=\u00bb|||\u00bb global_colors_info=\u00bb{}\u00bb custom_padding__hover=\u00bb|||\u00bb][\/et_pb_column][\/et_pb_row][\/et_pb_section][et_pb_section fb_built=\u00bb1&#8243; admin_label=\u00bbAbout\u00bb _builder_version=\u00bb4.16&#8243; global_colors_info=\u00bb{}\u00bb][et_pb_row column_structure=\u00bb3_5,2_5&#8243; _builder_version=\u00bb4.16&#8243; global_colors_info=\u00bb{}\u00bb][et_pb_column type=\u00bb3_5&#8243; _builder_version=\u00bb4.16&#8243; custom_padding=\u00bb|||\u00bb global_colors_info=\u00bb{}\u00bb custom_padding__hover=\u00bb|||\u00bb][et_pb_text _builder_version=\u00bb4.16&#8243; text_font=\u00bb||||||||\u00bb text_font_size=\u00bb15px\u00bb text_line_height=\u00bb2em\u00bb text_font_size_tablet=\u00bb\u00bb text_font_size_phone=\u00bb14px\u00bb text_font_size_last_edited=\u00bbon|phone\u00bb locked=\u00bboff\u00bb global_colors_info=\u00bb{}\u00bb]<\/p>\n<p style=\"text-align: justify;\"><strong>Vigo Ship Repair (V.S.R.)<\/strong> es una plataforma empresarial, situada en un enclave ideal en cuanto a recursos materiales y de servicios para los buques y sus tripulaciones, cuyo objetivo es proporcionar servicios de reparaci\u00f3n y mantenimiento de buques a lo largo de toda la costa atl\u00e1ntica espa\u00f1ola. Mediante el formato de ventanilla \u00fanica, <strong>V.S.R.<\/strong> responde a todas la necesidades del usuario, poniendo a su disposici\u00f3n los servicios de reparaci\u00f3n y mantenimiento de buques a los precios m\u00e1s competitivos, simplific\u00e1ndole todos los tr\u00e1mites administrativos y las cargas burocr\u00e1ticas y acompa\u00f1\u00e1ndole en todo momento hasta que dichos servicios hayan sido concluidos en tiempo y forma.<\/p>\n<p>[\/et_pb_text][\/et_pb_column][et_pb_column type=\u00bb2_5&#8243; _builder_version=\u00bb4.16&#8243; custom_padding=\u00bb|||\u00bb global_colors_info=\u00bb{}\u00bb custom_padding__hover=\u00bb|||\u00bb][et_pb_button button_url=\u00bbhttps:\/\/vigoshiprepair.com\/index.php\/contacto\/\u00bb button_text=\u00bbCont\u00e1ctenos\u00bb button_alignment=\u00bbleft\u00bb _builder_version=\u00bb4.16&#8243; custom_button=\u00bbon\u00bb button_text_size=\u00bb12px\u00bb button_text_color=\u00bb#ffffff\u00bb button_bg_color=\u00bb#F33746&#8243; button_border_color=\u00bbrgba(0,0,0,0)\u00bb button_border_radius=\u00bb0px\u00bb button_letter_spacing=\u00bb2px\u00bb button_font=\u00bbRubik|500||on|||||\u00bb button_icon=\u00bb&#xe04e;||divi||400&#8243; button_icon_color=\u00bb#F33746&#8243; custom_margin=\u00bb70px||||false|false\u00bb custom_margin_tablet=\u00bb70px||||false|false\u00bb custom_margin_phone=\u00bb35px||20px||false|false\u00bb custom_margin_last_edited=\u00bbon|phone\u00bb custom_padding=\u00bb16px|32px|16px|32px|true|true\u00bb box_shadow_style=\u00bbpreset1&#8243; box_shadow_color=\u00bbrgba(239,59,36,0.24)\u00bb button_letter_spacing_hover=\u00bb2px\u00bb locked=\u00bboff\u00bb global_colors_info=\u00bb{}\u00bb button_text_size__hover_enabled=\u00bboff\u00bb button_one_text_size__hover_enabled=\u00bboff\u00bb button_two_text_size__hover_enabled=\u00bboff\u00bb button_text_color__hover_enabled=\u00bbon|hover\u00bb button_one_text_color__hover_enabled=\u00bboff\u00bb button_two_text_color__hover_enabled=\u00bboff\u00bb button_border_width__hover_enabled=\u00bboff\u00bb button_one_border_width__hover_enabled=\u00bboff\u00bb button_two_border_width__hover_enabled=\u00bboff\u00bb button_border_color__hover_enabled=\u00bboff\u00bb button_one_border_color__hover_enabled=\u00bboff\u00bb button_two_border_color__hover_enabled=\u00bboff\u00bb button_border_radius__hover_enabled=\u00bboff\u00bb button_one_border_radius__hover_enabled=\u00bboff\u00bb button_two_border_radius__hover_enabled=\u00bboff\u00bb button_letter_spacing__hover_enabled=\u00bbon\u00bb button_letter_spacing__hover=\u00bb2px\u00bb button_one_letter_spacing__hover_enabled=\u00bboff\u00bb button_two_letter_spacing__hover_enabled=\u00bboff\u00bb button_bg_color__hover_enabled=\u00bbon|hover\u00bb button_one_bg_color__hover_enabled=\u00bboff\u00bb button_two_bg_color__hover_enabled=\u00bboff\u00bb button_text_color__hover=\u00bb#F33746&#8243; button_bg_color__hover=\u00bb#FFFFFF\u00bb button_bg_enable_color__hover=\u00bbon\u00bb][\/et_pb_button][\/et_pb_column][\/et_pb_row][et_pb_row _builder_version=\u00bb4.16&#8243; custom_padding=\u00bb27px|0px|0|0px|false|false\u00bb global_colors_info=\u00bb{}\u00bb][et_pb_column type=\u00bb4_4&#8243; _builder_version=\u00bb4.16&#8243; custom_padding=\u00bb|||\u00bb global_colors_info=\u00bb{}\u00bb custom_padding__hover=\u00bb|||\u00bb][et_pb_text _builder_version=\u00bb4.16&#8243; custom_margin=\u00bb|||-38px\u00bb custom_padding=\u00bb|||30px\u00bb header_2_font_size_phone=\u00bb28px\u00bb border_color_all=\u00bb#F33746&#8243; border_width_left=\u00bb8px\u00bb locked=\u00bboff\u00bb global_colors_info=\u00bb{}\u00bb]<\/p>\n<h2>Nuestros Socios<\/h2>\n<p>[\/et_pb_text][\/et_pb_column][\/et_pb_row][et_pb_row _builder_version=\u00bb4.16&#8243; _module_preset=\u00bbdefault\u00bb box_shadow_style=\u00bbpreset3&#8243; locked=\u00bboff\u00bb global_colors_info=\u00bb{}\u00bb][et_pb_column type=\u00bb4_4&#8243; _builder_version=\u00bb4.16&#8243; _module_preset=\u00bbdefault\u00bb global_colors_info=\u00bb{}\u00bb][et_pb_filterable_portfolio fullwidth=\u00bboff\u00bb posts_number=\u00bb12&#8243; include_categories=\u00bb242,253&#8243; show_title=\u00bboff\u00bb show_categories=\u00bboff\u00bb _builder_version=\u00bb4.22.1&#8243; _module_preset=\u00bbdefault\u00bb hover_enabled=\u00bb0&#8243; global_colors_info=\u00bb{}\u00bb sticky_enabled=\u00bb0&#8243;][\/et_pb_filterable_portfolio][\/et_pb_column][\/et_pb_row][\/et_pb_section]<\/p>\n","protected":false},"excerpt":{"rendered":"<p>Vigo Ship Repair Qui\u00e9nes SomosVigo Ship Repair (V.S.R.) es una plataforma empresarial, situada en un enclave ideal en cuanto a recursos materiales y de servicios para los buques y sus tripulaciones, cuyo objetivo es proporcionar servicios de reparaci\u00f3n y mantenimiento de buques a lo largo de toda la costa atl\u00e1ntica espa\u00f1ola. Mediante el formato de [&hellip;]<\/p>\n","protected":false},"author":1,"featured_media":1221,"parent":0,"menu_order":0,"comment_status":"closed","ping_status":"closed","template":"","meta":{"_et_pb_use_builder":"on","_et_pb_old_content":"<!-- wp:divi\/placeholder \/-->","_et_gb_content_width":"","footnotes":""},"class_list":["post-33","page","type-page","status-publish","has-post-thumbnail","hentry"],"yoast_head":"<!-- This site is optimized with the Yoast SEO plugin v27.4 - https:\/\/yoast.com\/product\/yoast-seo-wordpress\/ -->\n<title>Qui\u00e9nes Somos - Vigo Ship Repair<\/title>\n<meta name=\"description\" content=\"Vigo Ship Repair proporciona servicios de reparaci\u00f3n y mantenimiento de buques a lo largo de toda la costa atl\u00e1ntica espa\u00f1ola.\" \/>\n<meta name=\"robots\" content=\"index, follow, max-snippet:-1, max-image-preview:large, max-video-preview:-1\" \/>\n<link rel=\"canonical\" href=\"https:\/\/vigoshiprepair.com\/index.php\/quienes-somos\/\" \/>\n<meta property=\"og:locale\" content=\"es_ES\" \/>\n<meta property=\"og:type\" content=\"article\" \/>\n<meta property=\"og:title\" content=\"Qui\u00e9nes Somos - Vigo Ship Repair\" \/>\n<meta property=\"og:description\" content=\"Vigo Ship Repair proporciona servicios de reparaci\u00f3n y mantenimiento de buques a lo largo de toda la costa atl\u00e1ntica espa\u00f1ola.\" \/>\n<meta property=\"og:url\" content=\"https:\/\/vigoshiprepair.com\/index.php\/quienes-somos\/\" \/>\n<meta property=\"og:site_name\" content=\"Vigo Ship Repair\" \/>\n<meta property=\"article:modified_time\" content=\"2024-02-26T12:34:25+00:00\" \/>\n<meta property=\"og:image\" content=\"https:\/\/vigoshiprepair.com\/wp-content\/uploads\/2021\/11\/5-Ingenieria-y-Oficina.jpg\" \/>\n\t<meta property=\"og:image:width\" content=\"2000\" \/>\n\t<meta property=\"og:image:height\" content=\"1000\" \/>\n\t<meta property=\"og:image:type\" content=\"image\/jpeg\" \/>\n<meta name=\"twitter:card\" content=\"summary_large_image\" \/>\n<meta name=\"twitter:site\" content=\"@VigoShipRepair\" \/>\n<meta name=\"twitter:label1\" content=\"Tiempo de lectura\" \/>\n\t<meta name=\"twitter:data1\" content=\"2 minutos\" \/>\n<script type=\"application\/ld+json\" class=\"yoast-schema-graph\">{\"@context\":\"https:\\\/\\\/schema.org\",\"@graph\":[{\"@type\":\"WebPage\",\"@id\":\"https:\\\/\\\/vigoshiprepair.com\\\/index.php\\\/quienes-somos\\\/\",\"url\":\"https:\\\/\\\/vigoshiprepair.com\\\/index.php\\\/quienes-somos\\\/\",\"name\":\"Qui\u00e9nes Somos - Vigo Ship Repair\",\"isPartOf\":{\"@id\":\"https:\\\/\\\/vigoshiprepair.com\\\/#website\"},\"primaryImageOfPage\":{\"@id\":\"https:\\\/\\\/vigoshiprepair.com\\\/index.php\\\/quienes-somos\\\/#primaryimage\"},\"image\":{\"@id\":\"https:\\\/\\\/vigoshiprepair.com\\\/index.php\\\/quienes-somos\\\/#primaryimage\"},\"thumbnailUrl\":\"https:\\\/\\\/vigoshiprepair.com\\\/wp-content\\\/uploads\\\/2021\\\/11\\\/5-Ingenieria-y-Oficina.jpg\",\"datePublished\":\"2021-08-07T20:33:21+00:00\",\"dateModified\":\"2024-02-26T12:34:25+00:00\",\"description\":\"Vigo Ship Repair proporciona servicios de reparaci\u00f3n y mantenimiento de buques a lo largo de toda la costa atl\u00e1ntica espa\u00f1ola.\",\"breadcrumb\":{\"@id\":\"https:\\\/\\\/vigoshiprepair.com\\\/index.php\\\/quienes-somos\\\/#breadcrumb\"},\"inLanguage\":\"es\",\"potentialAction\":[{\"@type\":\"ReadAction\",\"target\":[\"https:\\\/\\\/vigoshiprepair.com\\\/index.php\\\/quienes-somos\\\/\"]}]},{\"@type\":\"ImageObject\",\"inLanguage\":\"es\",\"@id\":\"https:\\\/\\\/vigoshiprepair.com\\\/index.php\\\/quienes-somos\\\/#primaryimage\",\"url\":\"https:\\\/\\\/vigoshiprepair.com\\\/wp-content\\\/uploads\\\/2021\\\/11\\\/5-Ingenieria-y-Oficina.jpg\",\"contentUrl\":\"https:\\\/\\\/vigoshiprepair.com\\\/wp-content\\\/uploads\\\/2021\\\/11\\\/5-Ingenieria-y-Oficina.jpg\",\"width\":2000,\"height\":1000,\"caption\":\"OLYMPUS DIGITAL CAMERA\"},{\"@type\":\"BreadcrumbList\",\"@id\":\"https:\\\/\\\/vigoshiprepair.com\\\/index.php\\\/quienes-somos\\\/#breadcrumb\",\"itemListElement\":[{\"@type\":\"ListItem\",\"position\":1,\"name\":\"Portada\",\"item\":\"https:\\\/\\\/vigoshiprepair.com\\\/\"},{\"@type\":\"ListItem\",\"position\":2,\"name\":\"Qui\u00e9nes Somos\"}]},{\"@type\":\"WebSite\",\"@id\":\"https:\\\/\\\/vigoshiprepair.com\\\/#website\",\"url\":\"https:\\\/\\\/vigoshiprepair.com\\\/\",\"name\":\"Vigo Ship Repair\",\"description\":\"Una plataforma atl\u00e1ntica para la reparaci\u00f3n y mantenimiento de buques\",\"publisher\":{\"@id\":\"https:\\\/\\\/vigoshiprepair.com\\\/#organization\"},\"potentialAction\":[{\"@type\":\"SearchAction\",\"target\":{\"@type\":\"EntryPoint\",\"urlTemplate\":\"https:\\\/\\\/vigoshiprepair.com\\\/?s={search_term_string}\"},\"query-input\":{\"@type\":\"PropertyValueSpecification\",\"valueRequired\":true,\"valueName\":\"search_term_string\"}}],\"inLanguage\":\"es\"},{\"@type\":\"Organization\",\"@id\":\"https:\\\/\\\/vigoshiprepair.com\\\/#organization\",\"name\":\"Vigo Ship Repair\",\"url\":\"https:\\\/\\\/vigoshiprepair.com\\\/\",\"logo\":{\"@type\":\"ImageObject\",\"inLanguage\":\"es\",\"@id\":\"https:\\\/\\\/vigoshiprepair.com\\\/#\\\/schema\\\/logo\\\/image\\\/\",\"url\":\"https:\\\/\\\/vigoshiprepair.com\\\/wp-content\\\/uploads\\\/2021\\\/11\\\/Logotipo-Vigo-Ship-Repair.png\",\"contentUrl\":\"https:\\\/\\\/vigoshiprepair.com\\\/wp-content\\\/uploads\\\/2021\\\/11\\\/Logotipo-Vigo-Ship-Repair.png\",\"width\":560,\"height\":71,\"caption\":\"Vigo Ship Repair\"},\"image\":{\"@id\":\"https:\\\/\\\/vigoshiprepair.com\\\/#\\\/schema\\\/logo\\\/image\\\/\"},\"sameAs\":[\"https:\\\/\\\/x.com\\\/VigoShipRepair\",\"https:\\\/\\\/www.linkedin.com\\\/in\\\/vigo-ship-repair-4b9783225\\\/\"]}]}<\/script>\n<!-- \/ Yoast SEO plugin. -->","yoast_head_json":{"title":"Qui\u00e9nes Somos - Vigo Ship Repair","description":"Vigo Ship Repair proporciona servicios de reparaci\u00f3n y mantenimiento de buques a lo largo de toda la costa atl\u00e1ntica espa\u00f1ola.","robots":{"index":"index","follow":"follow","max-snippet":"max-snippet:-1","max-image-preview":"max-image-preview:large","max-video-preview":"max-video-preview:-1"},"canonical":"https:\/\/vigoshiprepair.com\/index.php\/quienes-somos\/","og_locale":"es_ES","og_type":"article","og_title":"Qui\u00e9nes Somos - Vigo Ship Repair","og_description":"Vigo Ship Repair proporciona servicios de reparaci\u00f3n y mantenimiento de buques a lo largo de toda la costa atl\u00e1ntica espa\u00f1ola.","og_url":"https:\/\/vigoshiprepair.com\/index.php\/quienes-somos\/","og_site_name":"Vigo Ship Repair","article_modified_time":"2024-02-26T12:34:25+00:00","og_image":[{"width":2000,"height":1000,"url":"https:\/\/vigoshiprepair.com\/wp-content\/uploads\/2021\/11\/5-Ingenieria-y-Oficina.jpg","type":"image\/jpeg"}],"twitter_card":"summary_large_image","twitter_site":"@VigoShipRepair","twitter_misc":{"Tiempo de lectura":"2 minutos"},"schema":{"@context":"https:\/\/schema.org","@graph":[{"@type":"WebPage","@id":"https:\/\/vigoshiprepair.com\/index.php\/quienes-somos\/","url":"https:\/\/vigoshiprepair.com\/index.php\/quienes-somos\/","name":"Qui\u00e9nes Somos - Vigo Ship Repair","isPartOf":{"@id":"https:\/\/vigoshiprepair.com\/#website"},"primaryImageOfPage":{"@id":"https:\/\/vigoshiprepair.com\/index.php\/quienes-somos\/#primaryimage"},"image":{"@id":"https:\/\/vigoshiprepair.com\/index.php\/quienes-somos\/#primaryimage"},"thumbnailUrl":"https:\/\/vigoshiprepair.com\/wp-content\/uploads\/2021\/11\/5-Ingenieria-y-Oficina.jpg","datePublished":"2021-08-07T20:33:21+00:00","dateModified":"2024-02-26T12:34:25+00:00","description":"Vigo Ship Repair proporciona servicios de reparaci\u00f3n y mantenimiento de buques a lo largo de toda la costa atl\u00e1ntica espa\u00f1ola.","breadcrumb":{"@id":"https:\/\/vigoshiprepair.com\/index.php\/quienes-somos\/#breadcrumb"},"inLanguage":"es","potentialAction":[{"@type":"ReadAction","target":["https:\/\/vigoshiprepair.com\/index.php\/quienes-somos\/"]}]},{"@type":"ImageObject","inLanguage":"es","@id":"https:\/\/vigoshiprepair.com\/index.php\/quienes-somos\/#primaryimage","url":"https:\/\/vigoshiprepair.com\/wp-content\/uploads\/2021\/11\/5-Ingenieria-y-Oficina.jpg","contentUrl":"https:\/\/vigoshiprepair.com\/wp-content\/uploads\/2021\/11\/5-Ingenieria-y-Oficina.jpg","width":2000,"height":1000,"caption":"OLYMPUS DIGITAL CAMERA"},{"@type":"BreadcrumbList","@id":"https:\/\/vigoshiprepair.com\/index.php\/quienes-somos\/#breadcrumb","itemListElement":[{"@type":"ListItem","position":1,"name":"Portada","item":"https:\/\/vigoshiprepair.com\/"},{"@type":"ListItem","position":2,"name":"Qui\u00e9nes Somos"}]},{"@type":"WebSite","@id":"https:\/\/vigoshiprepair.com\/#website","url":"https:\/\/vigoshiprepair.com\/","name":"Vigo Ship Repair","description":"Una plataforma atl\u00e1ntica para la reparaci\u00f3n y mantenimiento de buques","publisher":{"@id":"https:\/\/vigoshiprepair.com\/#organization"},"potentialAction":[{"@type":"SearchAction","target":{"@type":"EntryPoint","urlTemplate":"https:\/\/vigoshiprepair.com\/?s={search_term_string}"},"query-input":{"@type":"PropertyValueSpecification","valueRequired":true,"valueName":"search_term_string"}}],"inLanguage":"es"},{"@type":"Organization","@id":"https:\/\/vigoshiprepair.com\/#organization","name":"Vigo Ship Repair","url":"https:\/\/vigoshiprepair.com\/","logo":{"@type":"ImageObject","inLanguage":"es","@id":"https:\/\/vigoshiprepair.com\/#\/schema\/logo\/image\/","url":"https:\/\/vigoshiprepair.com\/wp-content\/uploads\/2021\/11\/Logotipo-Vigo-Ship-Repair.png","contentUrl":"https:\/\/vigoshiprepair.com\/wp-content\/uploads\/2021\/11\/Logotipo-Vigo-Ship-Repair.png","width":560,"height":71,"caption":"Vigo Ship Repair"},"image":{"@id":"https:\/\/vigoshiprepair.com\/#\/schema\/logo\/image\/"},"sameAs":["https:\/\/x.com\/VigoShipRepair","https:\/\/www.linkedin.com\/in\/vigo-ship-repair-4b9783225\/"]}]}},"_links":{"self":[{"href":"https:\/\/vigoshiprepair.com\/index.php\/wp-json\/wp\/v2\/pages\/33","targetHints":{"allow":["GET"]}}],"collection":[{"href":"https:\/\/vigoshiprepair.com\/index.php\/wp-json\/wp\/v2\/pages"}],"about":[{"href":"https:\/\/vigoshiprepair.com\/index.php\/wp-json\/wp\/v2\/types\/page"}],"author":[{"embeddable":true,"href":"https:\/\/vigoshiprepair.com\/index.php\/wp-json\/wp\/v2\/users\/1"}],"replies":[{"embeddable":true,"href":"https:\/\/vigoshiprepair.com\/index.php\/wp-json\/wp\/v2\/comments?post=33"}],"version-history":[{"count":42,"href":"https:\/\/vigoshiprepair.com\/index.php\/wp-json\/wp\/v2\/pages\/33\/revisions"}],"predecessor-version":[{"id":2050,"href":"https:\/\/vigoshiprepair.com\/index.php\/wp-json\/wp\/v2\/pages\/33\/revisions\/2050"}],"wp:featuredmedia":[{"embeddable":true,"href":"https:\/\/vigoshiprepair.com\/index.php\/wp-json\/wp\/v2\/media\/1221"}],"wp:attachment":[{"href":"https:\/\/vigoshiprepair.com\/index.php\/wp-json\/wp\/v2\/media?parent=33"}],"curies":[{"name":"wp","href":"https:\/\/api.w.org\/{rel}","templated":true}]}}