{"id":37,"date":"2021-08-07T20:34:07","date_gmt":"2021-08-07T20:34:07","guid":{"rendered":"https:\/\/vigoshiprepair.com\/?page_id=37"},"modified":"2022-01-11T17:11:52","modified_gmt":"2022-01-11T16:11:52","slug":"donde-estamos","status":"publish","type":"page","link":"https:\/\/vigoshiprepair.com\/index.php\/donde-estamos\/","title":{"rendered":"D\u00f3nde Estamos"},"content":{"rendered":"<p>[et_pb_section fb_built=\u00bb1&#8243; admin_label=\u00bbHeader\u00bb _builder_version=\u00bb4.13.1&#8243; background_image=\u00bbhttp:\/\/vigoshiprepair.com\/wp-content\/uploads\/2021\/11\/Cabecera-Donde-Estamos.jpg\u00bb custom_margin=\u00bb|||\u00bb custom_padding=\u00bb12vw|0px|37px|0px|false|false\u00bb box_shadow_style=\u00bbpreset3&#8243; global_colors_info=\u00bb{}\u00bb][et_pb_row column_structure=\u00bb1_2,1_2&#8243; padding_top_bottom_link_1=\u00bbfalse\u00bb padding_left_right_link_1=\u00bbtrue\u00bb _builder_version=\u00bb4.13.1&#8243; background_size=\u00bbinitial\u00bb background_position=\u00bbtop_left\u00bb background_repeat=\u00bbrepeat\u00bb max_width=\u00bb1160px\u00bb custom_margin=\u00bb|||||false\u00bb custom_padding=\u00bb27px|0px|0|0px|false|false\u00bb use_custom_width=\u00bbon\u00bb custom_width_px=\u00bb1160px\u00bb locked=\u00bboff\u00bb global_colors_info=\u00bb{}\u00bb][et_pb_column type=\u00bb1_2&#8243; _builder_version=\u00bb4.13.1&#8243; background_color=\u00bbrgba(255,255,255,0.7)\u00bb custom_padding=\u00bb40px|40px|0px|40px\u00bb global_colors_info=\u00bb{}\u00bb custom_padding__hover=\u00bb|||\u00bb][et_pb_text _builder_version=\u00bb4.13.1&#8243; text_font=\u00bb||||||||\u00bb ul_font=\u00bb||||||||\u00bb ol_font=\u00bb||||||||\u00bb header_text_color=\u00bb#009EE0&#8243; header_font_size=\u00bb48px\u00bb header_line_height=\u00bb1.5em\u00bb header_2_font=\u00bb||||||||\u00bb header_3_font=\u00bbQuicksand|600|||||||\u00bb header_3_text_color=\u00bb#098cf2&#8243; header_3_font_size=\u00bb20px\u00bb header_4_font=\u00bb||||||||\u00bb header_5_font=\u00bb||||||||\u00bb header_6_font=\u00bb||||||||\u00bb hover_enabled=\u00bb0&#8243; header_font_size_tablet=\u00bb38px\u00bb header_font_size_phone=\u00bb28px\u00bb header_font_size_last_edited=\u00bbon|phone\u00bb locked=\u00bboff\u00bb global_colors_info=\u00bb{}\u00bb sticky_enabled=\u00bb0&#8243;]<\/p>\n<h3><span style=\"color: #f33746;\">Vigo <span style=\"color: #009ee0;\">Ship<\/span> <span style=\"color: #b6533e;\">Repair<\/span><\/span><\/h3>\n<h1>D\u00f3nde Estamos<\/h1>\n<p>[\/et_pb_text][\/et_pb_column][et_pb_column type=\u00bb1_2&#8243; _builder_version=\u00bb3.25&#8243; custom_padding=\u00bb|||\u00bb global_colors_info=\u00bb{}\u00bb custom_padding__hover=\u00bb|||\u00bb][\/et_pb_column][\/et_pb_row][\/et_pb_section][et_pb_section fb_built=\u00bb1&#8243; specialty=\u00bbon\u00bb admin_label=\u00bbServices\u00bb _builder_version=\u00bb3.22&#8243; custom_padding=\u00bb||0px|||\u00bb global_colors_info=\u00bb{}\u00bb][et_pb_column type=\u00bb1_2&#8243; specialty_columns=\u00bb2&#8243; _builder_version=\u00bb3.25&#8243; custom_padding=\u00bb|||\u00bb global_colors_info=\u00bb{}\u00bb custom_padding__hover=\u00bb|||\u00bb][et_pb_row_inner _builder_version=\u00bb3.25&#8243; global_colors_info=\u00bb{}\u00bb][et_pb_column_inner saved_specialty_column_type=\u00bb1_2&#8243; _builder_version=\u00bb3.25&#8243; custom_padding=\u00bb|||\u00bb global_colors_info=\u00bb{}\u00bb custom_padding__hover=\u00bb|||\u00bb][et_pb_text _builder_version=\u00bb4.10.8&#8243; text_font=\u00bb||||||||\u00bb text_font_size=\u00bb15px\u00bb text_line_height=\u00bb2em\u00bb header_3_text_color=\u00bb#098cf2&#8243; max_width=\u00bb700px\u00bb module_alignment=\u00bbcenter\u00bb text_font_size_tablet=\u00bb\u00bb text_font_size_phone=\u00bb14px\u00bb text_font_size_last_edited=\u00bbon|phone\u00bb locked=\u00bboff\u00bb global_colors_info=\u00bb{}\u00bb]<\/p>\n<p style=\"text-align: justify;\"><strong>Vigo Ship Repair (V.S.R.)<\/strong> est\u00e1 situada en las costas de una de las comunidades auton\u00f3micas espa\u00f1olas, la Comunidad Aut\u00f3noma de Galicia, y, dentro de ella, en la ciudad de Vigo. En esta ciudad, de 300.000 habitantes, est\u00e1 ubicado su puerto, en concreto en las coordenadas 42\u00ba 14&#8242; 1&#8243; N 8\u00ba 43&#8242; 59&#8243; O, en la costa occidental espa\u00f1ola, sobre el Oc\u00e9ano Atl\u00e1ntico, en uno de los puntos estrat\u00e9gicos de las dos rutas mar\u00edtimas m\u00e1s importantes del mundo, las que unen Europa y Am\u00e9rica del Sur y Europa y Africa Occidental. Los principales motores de su econom\u00eda son la industria automotriz, la pesca industrial, la construcci\u00f3n y la reparaci\u00f3n naval\u00a0 y las diversas actividades de su puerto, comprendiendo un \u00e1rea de influencia socio-econ\u00f3mica\u00a0 de m\u00e1s de 550.000 personas.<\/p>\n<p style=\"text-align: justify;\">El Puerto de Vigo, gestionado por la Autoridad Portuaria del mismo nombre, abarca una extensi\u00f3n geogr\u00e1fica de m\u00e1s de 20 kil\u00f3metros, en la que dispone de las infraestructuras y accesos adecuados a sus actividades relacionadas con el tr\u00e1fico de mercanc\u00edas y pasajeros, la pesca, el comercio, la n\u00e1utica y la construcci\u00f3n y reparaci\u00f3n naval. Cuenta, de oeste a este, con los siguientes muelles: Bouzas, destinado a tr\u00e1fico ro-ro y muelle de reparaciones; Beiramar y Berb\u00e9s, destinados al atraque de barcos pesqueros de altura y bajura; Trasatl\u00e1nticos, destinado al embarque y desembarque de pasajeros; Deportivo, destinado a funciiones n\u00e1utico-deportivas; Areal, Comercial y Transversal, destinados a carga general; y Guixar, destinado a contenedores.<\/p>\n<p style=\"text-align: justify;\">[\/et_pb_text][\/et_pb_column_inner][\/et_pb_row_inner][\/et_pb_column][et_pb_column type=\u00bb1_2&#8243; _builder_version=\u00bb3.25&#8243; custom_padding=\u00bb|||\u00bb global_colors_info=\u00bb{}\u00bb custom_padding__hover=\u00bb|||\u00bb][et_pb_code _builder_version=\u00bb4.13.1&#8243; _module_preset=\u00bbdefault\u00bb custom_margin_tablet=\u00bb\u00bb custom_margin_phone=\u00bb||75px||false|false\u00bb custom_margin_last_edited=\u00bbon|phone\u00bb global_colors_info=\u00bb{}\u00bb]<div class=\"leaflet-map WPLeafletMap\" style=\"height:800px; width:100%;\"><\/div><script>\nwindow.WPLeafletMapPlugin = window.WPLeafletMapPlugin || [];\nwindow.WPLeafletMapPlugin.push(function WPLeafletMapShortcode() {\/*<script>*\/\nvar baseUrl = atob('aHR0cHM6Ly97c30udGlsZS5vcGVuc3RyZWV0bWFwLm9yZy97en0ve3h9L3t5fS5wbmc=');\nvar base = (!baseUrl && window.MQ) ?\n    window.MQ.mapLayer() : L.tileLayer(baseUrl,\n        L.Util.extend({}, {\n            detectRetina: 0,\n        },\n        {\"subdomains\":\"abc\",\"noWrap\":false,\"maxZoom\":20}        )\n    );\n    var options = L.Util.extend({}, {\n        layers: [base],\n        attributionControl: false\n    },\n    {\"zoomControl\":true,\"scrollWheelZoom\":true,\"doubleClickZoom\":true,\"fitBounds\":false,\"minZoom\":0,\"maxZoom\":20,\"maxBounds\":null,\"attribution\":\"<a href=\\\"http:\\\/\\\/leafletjs.com\\\" title=\\\"Una biblioteca JS para mapas interactivos\\\">Leaflet<\\\/a>; \\u00a9 <a href=\\\"http:\\\/\\\/www.openstreetmap.org\\\/copyright\\\">OpenStreetMap<\\\/a> colaboradores\"},\n    {});\nwindow.WPLeafletMapPlugin.createMap(options).setView([42.237511323799,-8.7249406977765],3);});<\/script><!-- [et_pb_line_break_holder] --><!-- [et_pb_line_break_holder] --><script>\nwindow.WPLeafletMapPlugin = window.WPLeafletMapPlugin || [];\nwindow.WPLeafletMapPlugin.push(function WPLeafletMarkerShortcode() {\/*<script>*\/\nvar map = window.WPLeafletMapPlugin.getCurrentMap();\nvar group = window.WPLeafletMapPlugin.getCurrentGroup();\nvar marker_options = window.WPLeafletMapPlugin.getIconOptions({\"iconUrl\":\"http:\\\/\\\/vigoshiprepair.com\\\/wp-content\\\/uploads\\\/2021\\\/09\\\/cropped-Favicon-Vigo-Ship-Repair-2.png\",\"iconSize\":\"40,40\"});\nvar marker = L.marker(\n    [0,0],\n    marker_options\n);\nvar is_image = map.is_image_map;\n    marker.setLatLng( map.getCenter() );\nif (marker_options.draggable) {\n    marker.on('dragend', function () {\n        var latlng = this.getLatLng();\n        var lat = latlng.lat;\n        var lng = latlng.lng;\n        if (is_image) {\n            console.log('leaflet-marker y=' + lat + ' x=' + lng);\n        } else {\n            console.log('leaflet-marker lat=' + lat + ' lng=' + lng);\n        }\n    });\n}\nmarker.addTo( group );\nwindow.WPLeafletMapPlugin.markers.push( marker );\n        });<\/script>[\/et_pb_code][\/et_pb_column][\/et_pb_section][et_pb_section fb_built=\u00bb1&#8243; admin_label=\u00bbFeatures\u00bb _builder_version=\u00bb3.22&#8243; custom_padding=\u00bb0|0px|0px|0px|false|false\u00bb locked=\u00bboff\u00bb global_colors_info=\u00bb{}\u00bb][et_pb_row column_structure=\u00bb1_2,1_2&#8243; use_custom_gutter=\u00bbon\u00bb custom_padding_last_edited=\u00bbon|tablet\u00bb padding_top_bottom_link_2=\u00bbtrue\u00bb padding_left_right_link_2=\u00bbfalse\u00bb _builder_version=\u00bb3.25&#8243; width=\u00bb100%\u00bb max_width=\u00bb100%\u00bb module_alignment=\u00bbleft\u00bb custom_margin=\u00bb||40px||false\u00bb custom_padding=\u00bb0|12%|0|0px|false|false\u00bb custom_padding_tablet=\u00bb|0%||\u00bb custom_padding_phone=\u00bb\u00bb use_custom_width=\u00bbon\u00bb width_unit=\u00bboff\u00bb custom_width_percent=\u00bb100%\u00bb locked=\u00bboff\u00bb global_colors_info=\u00bb{}\u00bb][et_pb_column type=\u00bb1_2&#8243; _builder_version=\u00bb3.25&#8243; custom_padding=\u00bb|||\u00bb global_colors_info=\u00bb{}\u00bb custom_padding__hover=\u00bb|||\u00bb][et_pb_image src=\u00bbhttp:\/\/vigoshiprepair.com\/wp-content\/uploads\/2021\/12\/NAVEGACION-SEA-CLOUD-SPIRIT.jpg\u00bb title_text=\u00bbChou Pesqueira\u00bb force_fullwidth=\u00bbon\u00bb align_tablet=\u00bbcenter\u00bb align_phone=\u00bb\u00bb align_last_edited=\u00bbon|desktop\u00bb _builder_version=\u00bb4.13.1&#8243; use_background_color_gradient=\u00bbon\u00bb background_color_gradient_start=\u00bb#f33746&#8243; background_color_gradient_end=\u00bbrgba(240,242,246,0)\u00bb background_color_gradient_direction=\u00bb90deg\u00bb background_color_gradient_start_position=\u00bb80%\u00bb background_color_gradient_end_position=\u00bb20%\u00bb custom_padding=\u00bb||20%|\u00bb custom_padding_tablet=\u00bb||60px|\u00bb custom_padding_phone=\u00bb\u00bb custom_padding_last_edited=\u00bbon|desktop\u00bb animation_style=\u00bbslide\u00bb animation_direction=\u00bbleft\u00bb animation_intensity_slide=\u00bb1%\u00bb box_shadow_style=\u00bbpreset3&#8243; box_shadow_vertical=\u00bb80px\u00bb box_shadow_blur=\u00bb80px\u00bb box_shadow_spread=\u00bb-30px\u00bb global_colors_info=\u00bb{}\u00bb][\/et_pb_image][\/et_pb_column][et_pb_column type=\u00bb1_2&#8243; _builder_version=\u00bb3.25&#8243; custom_padding=\u00bb6vw||6vw|\u00bb custom_padding_tablet=\u00bb|10%||10%|false|true\u00bb custom_padding_phone=\u00bb||||false|false\u00bb custom_padding_last_edited=\u00bbon|tablet\u00bb global_colors_info=\u00bb{}\u00bb padding_phone=\u00bb||||false|false\u00bb padding_tablet=\u00bb|10%||10%|false|true\u00bb padding_last_edited=\u00bbon|tablet\u00bb custom_padding__hover=\u00bb|||\u00bb][et_pb_text _builder_version=\u00bb4.10.8&#8243; text_font=\u00bb||||||||\u00bb text_font_size=\u00bb16px\u00bb text_line_height=\u00bb1.9em\u00bb header_2_font_size=\u00bb40px\u00bb header_6_font=\u00bb||||||||\u00bb max_width=\u00bb600px\u00bb max_width_last_edited=\u00bboff|desktop\u00bb custom_margin=\u00bb|||\u00bb custom_padding=\u00bb|||\u00bb header_2_font_size_tablet=\u00bb30px\u00bb header_2_font_size_phone=\u00bb24px\u00bb locked=\u00bboff\u00bb global_colors_info=\u00bb{}\u00bb]<\/p>\n<p style=\"text-align: justify;\">Ba\u00f1ado al oeste por el Oc\u00e9ano Atl\u00e1ntico y al norte por el Mar Cant\u00e1brico, por delante de sus costas, vigiladas por el Centro de Control de Tr\u00e1fico y Salvamento de Finisterre, transitan m\u00e1s de 36.000 buques al a\u00f1o, utilizando los cuatro canales de navegaci\u00f3n que tiene el Dispositivo de Separaci\u00f3n de Tr\u00e1fico de Finisterre, siendo el m\u00e1s cercano a la costa para los buques convencionales, y el m\u00e1s alejado para los que transportan mercanc\u00edas peligrosas, habilitado a tal efecto tras el siniestro del buque \u00abPrestige\u00bb en 2002, que, con su hundimiento y derrame de cerca de 70.000 toneladas de fuel, contamin\u00f3 amplias zonas de las costas espa\u00f1olas, portuguesas y francesas.<\/p>\n<p>[\/et_pb_text][\/et_pb_column][\/et_pb_row][et_pb_row column_structure=\u00bb1_2,1_2&#8243; use_custom_gutter=\u00bbon\u00bb custom_padding_last_edited=\u00bbon|tablet\u00bb padding_top_bottom_link_1=\u00bbtrue\u00bb _builder_version=\u00bb3.25&#8243; width=\u00bb100%\u00bb max_width=\u00bb100%\u00bb module_alignment=\u00bbleft\u00bb custom_margin=\u00bb40px||40px||false\u00bb custom_padding=\u00bb0||0|12%|false|false\u00bb custom_padding_tablet=\u00bb|||0%\u00bb custom_padding_phone=\u00bb\u00bb use_custom_width=\u00bbon\u00bb width_unit=\u00bboff\u00bb custom_width_percent=\u00bb100%\u00bb locked=\u00bboff\u00bb global_colors_info=\u00bb{}\u00bb][et_pb_column type=\u00bb1_2&#8243; _builder_version=\u00bb3.25&#8243; custom_padding=\u00bb6vw||6vw|\u00bb custom_padding_tablet=\u00bb|10%||10%|false|true\u00bb custom_padding_phone=\u00bb\u00bb custom_padding_last_edited=\u00bbon|desktop\u00bb global_colors_info=\u00bb{}\u00bb padding_tablet=\u00bb|10%||10%|false|true\u00bb padding_last_edited=\u00bbon|desktop\u00bb custom_padding__hover=\u00bb|||\u00bb padding_phone=\u00bb|10%||10%|false|true\u00bb][et_pb_text _builder_version=\u00bb4.10.8&#8243; text_font=\u00bb||||||||\u00bb text_font_size=\u00bb16px\u00bb text_line_height=\u00bb1.9em\u00bb header_2_font_size=\u00bb40px\u00bb header_6_font=\u00bb||||||||\u00bb text_orientation=\u00bbright\u00bb max_width=\u00bb600px\u00bb max_width_last_edited=\u00bboff|desktop\u00bb module_alignment=\u00bbright\u00bb custom_margin=\u00bb|||\u00bb custom_padding=\u00bb|||\u00bb header_2_font_size_tablet=\u00bb30px\u00bb header_2_font_size_phone=\u00bb24px\u00bb locked=\u00bboff\u00bb global_colors_info=\u00bb{}\u00bb]<\/p>\n<p style=\"text-align: justify;\">Con m\u00e1s de 90 servicios mar\u00edtimos regulares a Europa, Africa y Am\u00e9rica, del Puerto de Vigo parten, adem\u00e1s, diversas Autopistas del Mar, lo que, unido a dichos servicios mar\u00edtimos regulares y a sus actividades relacionadas con el tr\u00e1fico de mercanc\u00edas y de pesca, da una idea de su dimensi\u00f3n internacional. Entre esas Autopistas del Mar, destacan las de Alemania-Espa\u00f1a ( Emden-Sheerness-Zeebrugge-Vigo); Espa\u00f1a-Marruecos-Argelia (Vigo-Casablanca-Mostaganem); Espa\u00f1a-Francia (Vigo-Nantes\/Saint Nazaire); Espa\u00f1a-Francia-B\u00e9lgica (Vigo-Nantes\/Saint Nazaire-Zeebrugee) o Espa\u00f1a-Marruecos (Vigo-Tanger Med).<\/p>\n<p>[\/et_pb_text][\/et_pb_column][et_pb_column type=\u00bb1_2&#8243; _builder_version=\u00bb3.25&#8243; custom_padding=\u00bb|||\u00bb custom_padding_tablet=\u00bb|10%||10%|false|true\u00bb custom_padding_phone=\u00bb||||false|false\u00bb custom_padding_last_edited=\u00bboff|desktop\u00bb global_colors_info=\u00bb{}\u00bb padding_phone=\u00bb||||false|false\u00bb padding_tablet=\u00bb|10%||10%|false|true\u00bb padding_last_edited=\u00bboff|desktop\u00bb custom_padding__hover=\u00bb|||\u00bb][et_pb_image src=\u00bbhttp:\/\/vigoshiprepair.com\/wp-content\/uploads\/2021\/12\/MECANASA-DACIL-.jpg\u00bb title_text=\u00bbMECANASA-DACIL\u00bb force_fullwidth=\u00bbon\u00bb align_tablet=\u00bbcenter\u00bb align_phone=\u00bb\u00bb align_last_edited=\u00bbon|desktop\u00bb _builder_version=\u00bb4.13.1&#8243; use_background_color_gradient=\u00bbon\u00bb background_color_gradient_start=\u00bbrgba(240,242,246,0)\u00bb background_color_gradient_end=\u00bb#009ee0&#8243; background_color_gradient_direction=\u00bb90deg\u00bb background_color_gradient_start_position=\u00bb20%\u00bb background_color_gradient_end_position=\u00bb20%\u00bb custom_padding=\u00bb||20%|\u00bb custom_padding_tablet=\u00bb||60px|\u00bb custom_padding_phone=\u00bb\u00bb custom_padding_last_edited=\u00bbon|desktop\u00bb animation_style=\u00bbslide\u00bb animation_direction=\u00bbright\u00bb animation_intensity_slide=\u00bb1%\u00bb box_shadow_style=\u00bbpreset3&#8243; box_shadow_vertical=\u00bb80px\u00bb box_shadow_blur=\u00bb80px\u00bb box_shadow_spread=\u00bb-30px\u00bb locked=\u00bboff\u00bb global_colors_info=\u00bb{}\u00bb][\/et_pb_image][\/et_pb_column][\/et_pb_row][\/et_pb_section]<\/p>\n","protected":false},"excerpt":{"rendered":"<p>Vigo Ship Repair D\u00f3nde EstamosVigo Ship Repair (V.S.R.) est\u00e1 situada en las costas de una de las comunidades auton\u00f3micas espa\u00f1olas, la Comunidad Aut\u00f3noma de Galicia, y, dentro de ella, en la ciudad de Vigo. En esta ciudad, de 300.000 habitantes, est\u00e1 ubicado su puerto, en concreto en las coordenadas 42\u00ba 14&#8242; 1&#8243; N 8\u00ba 43&#8242; [&hellip;]<\/p>\n","protected":false},"author":1,"featured_media":0,"parent":0,"menu_order":0,"comment_status":"closed","ping_status":"closed","template":"","meta":{"_et_pb_use_builder":"on","_et_pb_old_content":"<!-- wp:divi\/placeholder \/-->","_et_gb_content_width":"","footnotes":""},"class_list":["post-37","page","type-page","status-publish","hentry"],"yoast_head":"<!-- This site is optimized with the Yoast SEO plugin v27.3 - https:\/\/yoast.com\/product\/yoast-seo-wordpress\/ -->\n<title>Puerto de Vigo, Galicia (Espa\u00f1a) - Vigo Ship Repair<\/title>\n<meta name=\"description\" content=\"Vigo Ship Repair est\u00e1 situada en las costas de la Comunidad Aut\u00f3noma de Galicia, y, dentro de ella, en el Puerto de la ciudad de Vigo.\" \/>\n<meta name=\"robots\" content=\"index, follow, max-snippet:-1, max-image-preview:large, max-video-preview:-1\" \/>\n<link rel=\"canonical\" href=\"https:\/\/vigoshiprepair.com\/index.php\/donde-estamos\/\" \/>\n<meta property=\"og:locale\" content=\"es_ES\" \/>\n<meta property=\"og:type\" content=\"article\" \/>\n<meta property=\"og:title\" content=\"Puerto de Vigo, Galicia (Espa\u00f1a) - Vigo Ship Repair\" \/>\n<meta property=\"og:description\" content=\"Vigo Ship Repair est\u00e1 situada en las costas de la Comunidad Aut\u00f3noma de Galicia, y, dentro de ella, en el Puerto de la ciudad de Vigo.\" \/>\n<meta property=\"og:url\" content=\"https:\/\/vigoshiprepair.com\/index.php\/donde-estamos\/\" \/>\n<meta property=\"og:site_name\" content=\"Vigo Ship Repair\" \/>\n<meta property=\"article:modified_time\" content=\"2022-01-11T16:11:52+00:00\" \/>\n<meta name=\"twitter:card\" content=\"summary_large_image\" \/>\n<meta name=\"twitter:site\" content=\"@VigoShipRepair\" \/>\n<meta name=\"twitter:label1\" content=\"Tiempo de lectura\" \/>\n\t<meta name=\"twitter:data1\" content=\"4 minutos\" \/>\n<script type=\"application\/ld+json\" class=\"yoast-schema-graph\">{\"@context\":\"https:\\\/\\\/schema.org\",\"@graph\":[{\"@type\":\"WebPage\",\"@id\":\"https:\\\/\\\/vigoshiprepair.com\\\/index.php\\\/donde-estamos\\\/\",\"url\":\"https:\\\/\\\/vigoshiprepair.com\\\/index.php\\\/donde-estamos\\\/\",\"name\":\"Puerto de Vigo, Galicia (Espa\u00f1a) - Vigo Ship Repair\",\"isPartOf\":{\"@id\":\"https:\\\/\\\/vigoshiprepair.com\\\/#website\"},\"datePublished\":\"2021-08-07T20:34:07+00:00\",\"dateModified\":\"2022-01-11T16:11:52+00:00\",\"description\":\"Vigo Ship Repair est\u00e1 situada en las costas de la Comunidad Aut\u00f3noma de Galicia, y, dentro de ella, en el Puerto de la ciudad de Vigo.\",\"breadcrumb\":{\"@id\":\"https:\\\/\\\/vigoshiprepair.com\\\/index.php\\\/donde-estamos\\\/#breadcrumb\"},\"inLanguage\":\"es\",\"potentialAction\":[{\"@type\":\"ReadAction\",\"target\":[\"https:\\\/\\\/vigoshiprepair.com\\\/index.php\\\/donde-estamos\\\/\"]}]},{\"@type\":\"BreadcrumbList\",\"@id\":\"https:\\\/\\\/vigoshiprepair.com\\\/index.php\\\/donde-estamos\\\/#breadcrumb\",\"itemListElement\":[{\"@type\":\"ListItem\",\"position\":1,\"name\":\"Portada\",\"item\":\"https:\\\/\\\/vigoshiprepair.com\\\/\"},{\"@type\":\"ListItem\",\"position\":2,\"name\":\"D\u00f3nde Estamos\"}]},{\"@type\":\"WebSite\",\"@id\":\"https:\\\/\\\/vigoshiprepair.com\\\/#website\",\"url\":\"https:\\\/\\\/vigoshiprepair.com\\\/\",\"name\":\"Vigo Ship Repair\",\"description\":\"Una plataforma atl\u00e1ntica para la reparaci\u00f3n y mantenimiento de buques\",\"publisher\":{\"@id\":\"https:\\\/\\\/vigoshiprepair.com\\\/#organization\"},\"potentialAction\":[{\"@type\":\"SearchAction\",\"target\":{\"@type\":\"EntryPoint\",\"urlTemplate\":\"https:\\\/\\\/vigoshiprepair.com\\\/?s={search_term_string}\"},\"query-input\":{\"@type\":\"PropertyValueSpecification\",\"valueRequired\":true,\"valueName\":\"search_term_string\"}}],\"inLanguage\":\"es\"},{\"@type\":\"Organization\",\"@id\":\"https:\\\/\\\/vigoshiprepair.com\\\/#organization\",\"name\":\"Vigo Ship Repair\",\"url\":\"https:\\\/\\\/vigoshiprepair.com\\\/\",\"logo\":{\"@type\":\"ImageObject\",\"inLanguage\":\"es\",\"@id\":\"https:\\\/\\\/vigoshiprepair.com\\\/#\\\/schema\\\/logo\\\/image\\\/\",\"url\":\"https:\\\/\\\/vigoshiprepair.com\\\/wp-content\\\/uploads\\\/2021\\\/11\\\/Logotipo-Vigo-Ship-Repair.png\",\"contentUrl\":\"https:\\\/\\\/vigoshiprepair.com\\\/wp-content\\\/uploads\\\/2021\\\/11\\\/Logotipo-Vigo-Ship-Repair.png\",\"width\":560,\"height\":71,\"caption\":\"Vigo Ship Repair\"},\"image\":{\"@id\":\"https:\\\/\\\/vigoshiprepair.com\\\/#\\\/schema\\\/logo\\\/image\\\/\"},\"sameAs\":[\"https:\\\/\\\/x.com\\\/VigoShipRepair\",\"https:\\\/\\\/www.linkedin.com\\\/in\\\/vigo-ship-repair-4b9783225\\\/\"]}]}<\/script>\n<!-- \/ Yoast SEO plugin. -->","yoast_head_json":{"title":"Puerto de Vigo, Galicia (Espa\u00f1a) - Vigo Ship Repair","description":"Vigo Ship Repair est\u00e1 situada en las costas de la Comunidad Aut\u00f3noma de Galicia, y, dentro de ella, en el Puerto de la ciudad de Vigo.","robots":{"index":"index","follow":"follow","max-snippet":"max-snippet:-1","max-image-preview":"max-image-preview:large","max-video-preview":"max-video-preview:-1"},"canonical":"https:\/\/vigoshiprepair.com\/index.php\/donde-estamos\/","og_locale":"es_ES","og_type":"article","og_title":"Puerto de Vigo, Galicia (Espa\u00f1a) - Vigo Ship Repair","og_description":"Vigo Ship Repair est\u00e1 situada en las costas de la Comunidad Aut\u00f3noma de Galicia, y, dentro de ella, en el Puerto de la ciudad de Vigo.","og_url":"https:\/\/vigoshiprepair.com\/index.php\/donde-estamos\/","og_site_name":"Vigo Ship Repair","article_modified_time":"2022-01-11T16:11:52+00:00","twitter_card":"summary_large_image","twitter_site":"@VigoShipRepair","twitter_misc":{"Tiempo de lectura":"4 minutos"},"schema":{"@context":"https:\/\/schema.org","@graph":[{"@type":"WebPage","@id":"https:\/\/vigoshiprepair.com\/index.php\/donde-estamos\/","url":"https:\/\/vigoshiprepair.com\/index.php\/donde-estamos\/","name":"Puerto de Vigo, Galicia (Espa\u00f1a) - Vigo Ship Repair","isPartOf":{"@id":"https:\/\/vigoshiprepair.com\/#website"},"datePublished":"2021-08-07T20:34:07+00:00","dateModified":"2022-01-11T16:11:52+00:00","description":"Vigo Ship Repair est\u00e1 situada en las costas de la Comunidad Aut\u00f3noma de Galicia, y, dentro de ella, en el Puerto de la ciudad de Vigo.","breadcrumb":{"@id":"https:\/\/vigoshiprepair.com\/index.php\/donde-estamos\/#breadcrumb"},"inLanguage":"es","potentialAction":[{"@type":"ReadAction","target":["https:\/\/vigoshiprepair.com\/index.php\/donde-estamos\/"]}]},{"@type":"BreadcrumbList","@id":"https:\/\/vigoshiprepair.com\/index.php\/donde-estamos\/#breadcrumb","itemListElement":[{"@type":"ListItem","position":1,"name":"Portada","item":"https:\/\/vigoshiprepair.com\/"},{"@type":"ListItem","position":2,"name":"D\u00f3nde Estamos"}]},{"@type":"WebSite","@id":"https:\/\/vigoshiprepair.com\/#website","url":"https:\/\/vigoshiprepair.com\/","name":"Vigo Ship Repair","description":"Una plataforma atl\u00e1ntica para la reparaci\u00f3n y mantenimiento de buques","publisher":{"@id":"https:\/\/vigoshiprepair.com\/#organization"},"potentialAction":[{"@type":"SearchAction","target":{"@type":"EntryPoint","urlTemplate":"https:\/\/vigoshiprepair.com\/?s={search_term_string}"},"query-input":{"@type":"PropertyValueSpecification","valueRequired":true,"valueName":"search_term_string"}}],"inLanguage":"es"},{"@type":"Organization","@id":"https:\/\/vigoshiprepair.com\/#organization","name":"Vigo Ship Repair","url":"https:\/\/vigoshiprepair.com\/","logo":{"@type":"ImageObject","inLanguage":"es","@id":"https:\/\/vigoshiprepair.com\/#\/schema\/logo\/image\/","url":"https:\/\/vigoshiprepair.com\/wp-content\/uploads\/2021\/11\/Logotipo-Vigo-Ship-Repair.png","contentUrl":"https:\/\/vigoshiprepair.com\/wp-content\/uploads\/2021\/11\/Logotipo-Vigo-Ship-Repair.png","width":560,"height":71,"caption":"Vigo Ship Repair"},"image":{"@id":"https:\/\/vigoshiprepair.com\/#\/schema\/logo\/image\/"},"sameAs":["https:\/\/x.com\/VigoShipRepair","https:\/\/www.linkedin.com\/in\/vigo-ship-repair-4b9783225\/"]}]}},"_links":{"self":[{"href":"https:\/\/vigoshiprepair.com\/index.php\/wp-json\/wp\/v2\/pages\/37","targetHints":{"allow":["GET"]}}],"collection":[{"href":"https:\/\/vigoshiprepair.com\/index.php\/wp-json\/wp\/v2\/pages"}],"about":[{"href":"https:\/\/vigoshiprepair.com\/index.php\/wp-json\/wp\/v2\/types\/page"}],"author":[{"embeddable":true,"href":"https:\/\/vigoshiprepair.com\/index.php\/wp-json\/wp\/v2\/users\/1"}],"replies":[{"embeddable":true,"href":"https:\/\/vigoshiprepair.com\/index.php\/wp-json\/wp\/v2\/comments?post=37"}],"version-history":[{"count":17,"href":"https:\/\/vigoshiprepair.com\/index.php\/wp-json\/wp\/v2\/pages\/37\/revisions"}],"predecessor-version":[{"id":1495,"href":"https:\/\/vigoshiprepair.com\/index.php\/wp-json\/wp\/v2\/pages\/37\/revisions\/1495"}],"wp:attachment":[{"href":"https:\/\/vigoshiprepair.com\/index.php\/wp-json\/wp\/v2\/media?parent=37"}],"curies":[{"name":"wp","href":"https:\/\/api.w.org\/{rel}","templated":true}]}}